{"id":1088,"date":"2019-12-16T13:04:29","date_gmt":"2019-12-16T13:04:29","guid":{"rendered":"http:\/\/vedranruzic.com\/?page_id=1088"},"modified":"2019-12-17T11:52:06","modified_gmt":"2019-12-17T11:52:06","slug":"izdvojeno-iz-medija","status":"publish","type":"page","link":"https:\/\/vedranruzic.com\/en\/izdvojeno-iz-medija\/","title":{"rendered":"From the media"},"content":{"rendered":"<div id=\"pl-1088\"  class=\"panel-layout\" ><div id=\"pg-1088-0\"  class=\"panel-grid panel-has-style\" ><div class=\"panel-row-style panel-row-style-for-1088-0\" ><div id=\"pgc-1088-0-0\"  class=\"panel-grid-cell\" ><div id=\"panel-1088-0-0-0\" class=\"so-panel widget widget_black-studio-tinymce widget_black_studio_tinymce panel-first-child panel-last-child\" data-index=\"0\" ><div class=\"panel-widget-style panel-widget-style-for-1088-0-0-0\" ><div class=\"textwidget\"><h4><\/h4>\n<h4 style=\"text-align: center;\">INTERVIEWS & CRITICS:<\/h4>\n<p style=\"text-align: center;\"><span style=\"text-decoration: underline;\"><a href=\"https:\/\/www.jazz.hr\/index.php?opt=news&amp;act=mlist&amp;id=2917&amp;lang=hr\" target=\"_blank\" rel=\"noopener\"><span style=\"color: #00ccff; text-decoration: underline;\">Jazz.hr \u2013 Spiritual Market (kritika)<\/span><\/a><\/span><\/p>\n<p style=\"text-align: center;\"><span style=\"text-decoration: underline;\"><a href=\"http:\/\/www.terapija.net\/mjuzik.asp?ID=29691\" target=\"_blank\" rel=\"noopener\"><span style=\"color: #00ccff; text-decoration: underline;\">Terapija.net \u2013 Libertin (kritika)<\/span><\/a><\/span><\/p>\n<p style=\"text-align: center;\"><span style=\"text-decoration: underline;\"><a href=\"http:\/\/rifmagazin.novilist.hr\/combining-arts-tour-vedran-ruzic-krajnji-mi-je-cilj-na-pozornici-paralelno-svirati-i-slikati\/?fbclid=IwAR3UyK5z0XRgWXgfT_KDVE6Ted4cVAXt9PQTtw5jI6sza431hVlib7SQ3R8\" target=\"_blank\" rel=\"noopener\"><span style=\"color: #00ccff; text-decoration: underline;\">Novi List \u2013 Libertin (intervju)<\/span><\/a><\/span><\/p>\n<\/div><\/div><\/div><\/div><\/div><\/div><div id=\"pg-1088-1\"  class=\"panel-grid panel-has-style\" ><div class=\"siteorigin-panels-stretch panel-row-style panel-row-style-for-1088-1\" data-stretch-type=\"full\" ><div id=\"pgc-1088-1-0\"  class=\"panel-grid-cell panel-grid-cell-empty\" ><\/div><div id=\"pgc-1088-1-1\"  class=\"panel-grid-cell panel-grid-cell-mobile-last\" ><div id=\"panel-1088-1-1-0\" class=\"so-panel widget widget_black-studio-tinymce widget_black_studio_tinymce panel-first-child panel-last-child\" data-index=\"1\" ><div class=\"panel-widget-style panel-widget-style-for-1088-1-1-0\" ><div class=\"textwidget\"><h4 style=\"text-align: center;\">TELEVISION GUESTS:<\/h4>\n<p style=\"text-align: center;\"><span style=\"text-decoration: underline;\"><a href=\"https:\/\/magazin.hrt.hr\/426299\/spiritual-market-vedrana-ruzica\" target=\"_blank\" rel=\"noopener\"><span style=\"color: #00ccff; text-decoration: underline;\">Spiritual Market \u2013 Dobro jutro Hrvatska, HRT<\/span><\/a><\/span><\/p>\n<\/div><\/div><\/div><\/div><div id=\"pgc-1088-1-2\"  class=\"panel-grid-cell panel-grid-cell-empty\" ><\/div><\/div><\/div><div id=\"pg-1088-2\"  class=\"panel-grid panel-has-style\" ><div class=\"panel-row-style panel-row-style-for-1088-2\" ><div id=\"pgc-1088-2-0\"  class=\"panel-grid-cell panel-grid-cell-empty\" ><\/div><div id=\"pgc-1088-2-1\"  class=\"panel-grid-cell panel-grid-cell-mobile-last\" ><div id=\"panel-1088-2-1-0\" class=\"so-panel widget widget_black-studio-tinymce widget_black_studio_tinymce panel-first-child panel-last-child\" data-index=\"2\" ><div class=\"panel-widget-style panel-widget-style-for-1088-2-1-0\" ><div class=\"textwidget\"><h4><\/h4>\n<h4 style=\"text-align: center;\">REPORTS &amp; REVIEWS<\/h4>\n<p style=\"text-align: center;\"><span style=\"text-decoration: underline;\"><a href=\"https:\/\/m.sibenik.in\/kultura\/vedran-ruzic-crta-glazbom-i-svira-slikama-kromatske-partiture-bikromije-i-lezeci-tanjuri-ocarali-sibencane\/104701.html\" target=\"_blank\" rel=\"noopener\"><span style=\"color: #00ccff; text-decoration: underline;\">Otvorenje izlo\u017ebe u Galeriji sv. Kr\u0161evana u \u0160ibeniku<\/span><\/a><\/span><\/p>\n<p style=\"text-align: center;\"><span style=\"text-decoration: underline;\"><a href=\"https:\/\/www.youtube.com\/watch?v=mgDnoUJymRQ&amp;feature=youtu.be\" target=\"_blank\" rel=\"noopener\"><span style=\"color: #00ccff; text-decoration: underline;\">Spiritual Market - Dubrovnik<\/span><\/a><\/span><\/p>\n<p style=\"text-align: center;\"><span style=\"text-decoration: underline;\"><a href=\"https:\/\/youtu.be\/jCnm0BPAE-g\" target=\"_blank\" rel=\"noopener\"><span style=\"color: #00ccff; text-decoration: underline;\">Spiritual Market \u2013 MSU Zagreb<\/span><\/a><\/span><\/p>\n<p style=\"text-align: center;\"><span style=\"text-decoration: underline;\"><a href=\"https:\/\/www.youtube.com\/watch?v=j6w5-eBZBS4&amp;feature=youtu.be\" target=\"_blank\" rel=\"noopener\"><span style=\"color: #00ccff; text-decoration: underline;\">Spiritual Market \u2013 Osijek<\/span><\/a><\/span><\/p>\n<\/div><\/div><\/div><\/div><div id=\"pgc-1088-2-2\"  class=\"panel-grid-cell panel-grid-cell-empty\" ><\/div><\/div><\/div><\/div>","protected":false},"excerpt":{"rendered":"<p>INTERVIEWS &#038; CRITICS: Jazz.hr \u2013 Spiritual Market (kritika) Terapija.net \u2013 Libertin (kritika) Novi List \u2013 Libertin (intervju) TELEVISION GUESTS: Spiritual Market \u2013 Dobro jutro Hrvatska, HRT<\/p>\n","protected":false},"author":1,"featured_media":1081,"parent":0,"menu_order":0,"comment_status":"closed","ping_status":"closed","template":"","meta":[],"_links":{"self":[{"href":"https:\/\/vedranruzic.com\/en\/wp-json\/wp\/v2\/pages\/1088"}],"collection":[{"href":"https:\/\/vedranruzic.com\/en\/wp-json\/wp\/v2\/pages"}],"about":[{"href":"https:\/\/vedranruzic.com\/en\/wp-json\/wp\/v2\/types\/page"}],"author":[{"embeddable":true,"href":"https:\/\/vedranruzic.com\/en\/wp-json\/wp\/v2\/users\/1"}],"replies":[{"embeddable":true,"href":"https:\/\/vedranruzic.com\/en\/wp-json\/wp\/v2\/comments?post=1088"}],"version-history":[{"count":5,"href":"https:\/\/vedranruzic.com\/en\/wp-json\/wp\/v2\/pages\/1088\/revisions"}],"predecessor-version":[{"id":1128,"href":"https:\/\/vedranruzic.com\/en\/wp-json\/wp\/v2\/pages\/1088\/revisions\/1128"}],"wp:featuredmedia":[{"embeddable":true,"href":"https:\/\/vedranruzic.com\/en\/wp-json\/wp\/v2\/media\/1081"}],"wp:attachment":[{"href":"https:\/\/vedranruzic.com\/en\/wp-json\/wp\/v2\/media?parent=1088"}],"curies":[{"name":"wp","href":"https:\/\/api.w.org\/{rel}","templated":true}]}}